{"id":8292,"date":"2026-03-11T19:59:34","date_gmt":"2026-03-11T18:59:34","guid":{"rendered":"https:\/\/feelmore.hu\/webshop\/?post_type=product&#038;p=8292"},"modified":"2026-04-08T17:54:52","modified_gmt":"2026-04-08T15:54:52","slug":"vizforralo","status":"publish","type":"product","link":"https:\/\/feelmore.hu\/webshop\/product\/vizforralo\/","title":{"rendered":"V\u00edzforral\u00f3"},"content":{"rendered":"<p data-start=\"0\" data-end=\"56\"><strong data-start=\"0\" data-end=\"56\">Bodum MELIOR elektromos gooseneck v\u00edzforral\u00f3 \u2013 0,8 L<\/strong><\/p>\n<p data-start=\"58\" data-end=\"266\">A t\u00f6k\u00e9letes k\u00e1v\u00e9 egyik titka a pontos v\u00edz\u00f6nt\u00e9s. A Bodum MELIOR elektromos gooseneck v\u00edzforral\u00f3 kifejezetten filter- \u00e9s pour over k\u00e1v\u00e9k\u00e9sz\u00edt\u00e9shez k\u00e9sz\u00fclt, ahol a v\u00edz \u00e1raml\u00e1s\u00e1nak kontrollja kulcsfontoss\u00e1g\u00fa.<\/p>\n<p data-start=\"268\" data-end=\"599\">A karcs\u00fa, \u00edvelt ki\u00f6nt\u0151cs\u0151r lehet\u0151v\u00e9 teszi a lass\u00fa \u00e9s egyenletes \u00f6nt\u00e9st, ami seg\u00edti a k\u00e1v\u00e9 egyenletes kivon\u00e1s\u00e1t, \u00edgy gazdagabb \u00edzeket \u00e9s arom\u00e1kat hoz ki a k\u00e1v\u00e9b\u00f3l. A parafa foganty\u00fa \u00e9s fed\u00e9lgomb k\u00e9nyelmes fog\u00e1st biztos\u00edt, mik\u00f6zben v\u00e9di a kezed a h\u0151t\u0151l. Letisztult matt fekete diz\u00e1jnja a modern konyh\u00e1k st\u00edlusos kieg\u00e9sz\u00edt\u0151je.<\/p>\n<p data-start=\"601\" data-end=\"614\"><strong data-start=\"601\" data-end=\"614\">Jellemz\u0151k<\/strong><\/p>\n<ul data-start=\"615\" data-end=\"906\">\n<li data-section-id=\"j7rulp\" data-start=\"615\" data-end=\"672\">\n<p data-start=\"617\" data-end=\"672\">elektromos gooseneck v\u00edzforral\u00f3 pour over k\u00e1v\u00e9hoz<\/p>\n<\/li>\n<li data-section-id=\"xuuef6\" data-start=\"673\" data-end=\"708\">\n<p data-start=\"675\" data-end=\"708\">0,8 liter kapacit\u00e1s<\/p>\n<\/li>\n<li data-section-id=\"1f5l6d0\" data-start=\"709\" data-end=\"741\">\n<p data-start=\"711\" data-end=\"741\">rozsdamentes ac\u00e9l kialak\u00edt\u00e1s<\/p>\n<\/li>\n<li data-section-id=\"nfp340\" data-start=\"742\" data-end=\"786\">\n<p data-start=\"744\" data-end=\"786\">prec\u00edz \u00f6nt\u00e9st biztos\u00edt\u00f3 \u00edvelt ki\u00f6nt\u0151cs\u0151r<\/p>\n<\/li>\n<li data-section-id=\"m5tt3d\" data-start=\"787\" data-end=\"844\">\n<p data-start=\"789\" data-end=\"844\">parafa foganty\u00fa \u00e9s fed\u00e9lgomb a k\u00e9nyelmes haszn\u00e1lathoz<\/p>\n<\/li>\n<li data-section-id=\"1fzejwi\" data-start=\"845\" data-end=\"872\">\n<p data-start=\"847\" data-end=\"872\">automatikus kikapcsol\u00e1s<\/p>\n<\/li>\n<li data-section-id=\"1mkhsno\" data-start=\"873\" data-end=\"906\">\n<p data-start=\"875\" data-end=\"906\">vezet\u00e9k n\u00e9lk\u00fcli kanna talppal<\/p>\n<\/li>\n<\/ul>\n<p data-start=\"908\" data-end=\"924\"><strong data-start=\"908\" data-end=\"924\">Specifik\u00e1ci\u00f3<\/strong><\/p>\n<ul data-start=\"925\" data-end=\"1194\">\n<li data-section-id=\"46zjd4\" data-start=\"955\" data-end=\"980\">\n<p data-start=\"957\" data-end=\"980\">sz\u00edn: matt fekete<\/p>\n<\/li>\n<li data-section-id=\"bd9ji4\" data-start=\"981\" data-end=\"1013\">\n<p data-start=\"983\" data-end=\"1013\">kapacit\u00e1s: 0,8 L (27 oz)<\/p>\n<\/li>\n<li data-section-id=\"4p9hjw\" data-start=\"1014\" data-end=\"1044\">\n<p data-start=\"1016\" data-end=\"1044\">m\u00e9ret: 30 \u00d7 21 \u00d7 16 cm<\/p>\n<\/li>\n<li data-section-id=\"1ae4o32\" data-start=\"1045\" data-end=\"1118\">\n<p data-start=\"1047\" data-end=\"1118\">anyag: polypropylene, AISI 430 rozsdamentes ac\u00e9l, TPE, PC, parafa<\/p>\n<\/li>\n<li data-section-id=\"whrbca\" data-start=\"1119\" data-end=\"1147\">\n<p data-start=\"1121\" data-end=\"1147\">design vonal: MELIOR<\/p>\n<\/li>\n<li data-section-id=\"1pwqcjw\" data-start=\"1174\" data-end=\"1194\">\n<p data-start=\"1176\" data-end=\"1194\">t\u00f6r\u00e9s\u00e1ll\u00f3: nem<\/p>\n<\/li>\n<\/ul>\n<p data-start=\"1196\" data-end=\"1241\" data-is-last-node=\"\" data-is-only-node=\"\"><em data-start=\"1196\" data-end=\"1239\">Prec\u00edz k\u00e1v\u00e9k\u00e9sz\u00edt\u00e9s \u2013 Feelmore st\u00edlusban.<\/em><\/p>\n","protected":false},"excerpt":{"rendered":"<p>Bodum MELIOR elektromos gooseneck v\u00edzforral\u00f3 \u2013 0,8 L A t\u00f6k\u00e9letes k\u00e1v\u00e9 egyik titka a pontos v\u00edz\u00f6nt\u00e9s. A Bodum MELIOR elektromos gooseneck v\u00edzforral\u00f3 kifejezetten filter- \u00e9s pour over k\u00e1v\u00e9k\u00e9sz\u00edt\u00e9shez k\u00e9sz\u00fclt, ahol a v\u00edz \u00e1raml\u00e1s\u00e1nak kontrollja kulcsfontoss\u00e1g\u00fa. A karcs\u00fa, \u00edvelt ki\u00f6nt\u0151cs\u0151r lehet\u0151v\u00e9 teszi a lass\u00fa \u00e9s egyenletes \u00f6nt\u00e9st, ami seg\u00edti a k\u00e1v\u00e9 egyenletes kivon\u00e1s\u00e1t, \u00edgy gazdagabb \u00edzeket [&hellip;]<\/p>\n","protected":false},"featured_media":8293,"template":"","meta":[],"product_brand":[],"product_cat":[180],"product_tag":[],"class_list":{"0":"post-8292","1":"product","2":"type-product","3":"status-publish","4":"has-post-thumbnail","6":"product_cat-egyeb-hu","8":"first","9":"instock","10":"shipping-taxable","11":"purchasable","12":"product-type-simple"},"_links":{"self":[{"href":"https:\/\/feelmore.hu\/webshop\/wp-json\/wp\/v2\/product\/8292","targetHints":{"allow":["GET"]}}],"collection":[{"href":"https:\/\/feelmore.hu\/webshop\/wp-json\/wp\/v2\/product"}],"about":[{"href":"https:\/\/feelmore.hu\/webshop\/wp-json\/wp\/v2\/types\/product"}],"wp:featuredmedia":[{"embeddable":true,"href":"https:\/\/feelmore.hu\/webshop\/wp-json\/wp\/v2\/media\/8293"}],"wp:attachment":[{"href":"https:\/\/feelmore.hu\/webshop\/wp-json\/wp\/v2\/media?parent=8292"}],"wp:term":[{"taxonomy":"product_brand","embeddable":true,"href":"https:\/\/feelmore.hu\/webshop\/wp-json\/wp\/v2\/product_brand?post=8292"},{"taxonomy":"product_cat","embeddable":true,"href":"https:\/\/feelmore.hu\/webshop\/wp-json\/wp\/v2\/product_cat?post=8292"},{"taxonomy":"product_tag","embeddable":true,"href":"https:\/\/feelmore.hu\/webshop\/wp-json\/wp\/v2\/product_tag?post=8292"}],"curies":[{"name":"wp","href":"https:\/\/api.w.org\/{rel}","templated":true}]}}