{"id":8288,"date":"2026-03-11T19:45:27","date_gmt":"2026-03-11T18:45:27","guid":{"rendered":"https:\/\/feelmore.hu\/webshop\/?post_type=product&#038;p=8288"},"modified":"2026-03-11T19:45:28","modified_gmt":"2026-03-11T18:45:28","slug":"szaunalepedo","status":"publish","type":"product","link":"https:\/\/feelmore.hu\/webshop\/product\/szaunalepedo\/","title":{"rendered":"Szaunaleped\u0151"},"content":{"rendered":"<div class=\"flex flex-col text-sm pb-25\">\n<article class=\"text-token-text-primary w-full focus:outline-none [--shadow-height:45px] has-data-writing-block:pointer-events-none has-data-writing-block:-mt-(--shadow-height) has-data-writing-block:pt-(--shadow-height) [&amp;:has([data-writing-block])&gt;*]:pointer-events-auto scroll-mt-[calc(var(--header-height)+min(200px,max(70px,20svh)))]\" dir=\"auto\" tabindex=\"-1\" data-turn-id=\"request-WEB:a570b356-94bb-43ad-8e06-8b1d2cadd267-6\" data-testid=\"conversation-turn-14\" data-scroll-anchor=\"true\" data-turn=\"assistant\">\n<div class=\"text-base my-auto mx-auto pb-10 [--thread-content-margin:var(--thread-content-margin-xs,calc(var(--spacing)*4))] @w-sm\/main:[--thread-content-margin:var(--thread-content-margin-sm,calc(var(--spacing)*6))] @w-lg\/main:[--thread-content-margin:var(--thread-content-margin-lg,calc(var(--spacing)*16))] px-(--thread-content-margin)\">\n<div class=\"[--thread-content-max-width:40rem] @w-lg\/main:[--thread-content-max-width:48rem] mx-auto max-w-(--thread-content-max-width) flex-1 group\/turn-messages focus-visible:outline-hidden relative flex w-full min-w-0 flex-col agent-turn\" tabindex=\"-1\">\n<div class=\"flex max-w-full flex-col gap-4 grow\">\n<div class=\"min-h-8 text-message relative flex w-full flex-col items-end gap-2 text-start break-words whitespace-normal [.text-message+&amp;]:mt-1\" dir=\"auto\" data-message-author-role=\"assistant\" data-message-id=\"d46f1358-df6b-4590-bd22-4c72ac3268e9\" data-message-model-slug=\"gpt-5-3\">\n<div class=\"flex w-full flex-col gap-1 empty:hidden\">\n<div class=\"markdown prose dark:prose-invert w-full wrap-break-word dark markdown-new-styling\">\n<p data-start=\"0\" data-end=\"47\"><strong data-start=\"0\" data-end=\"47\">Feelmore szaunaleped\u0151 \u2013 dar\u00e1zssz\u00f6v\u00e9s\u0171 pamut<\/strong><\/p>\n<p data-start=\"49\" data-end=\"235\">A szaun\u00e1z\u00e1s a Feelmore \u00e9lm\u00e9ny egyik legnyugodtabb pillanata. Ez a Feelmore szaunaleped\u0151 pontosan azt a letisztult k\u00e9nyelmet hozza el, amit vend\u00e9geink a h\u00e1zainkban is megtapasztalnak.<\/p>\n<p data-start=\"237\" data-end=\"475\">A 100% pamut dar\u00e1zssz\u00f6v\u00e9s\u0171 anyag k\u00f6nny\u0171, j\u00f3l szell\u0151zik \u00e9s gyorsan sz\u00e1rad, \u00edgy ide\u00e1lis v\u00e1laszt\u00e1s szaun\u00e1hoz, wellnesshez vagy ak\u00e1r pihen\u00e9shez a jacuzzi ut\u00e1n. A feh\u00e9r anyagot az eleg\u00e1ns arany Feelmore h\u00edmzett log\u00f3 teszi k\u00fcl\u00f6nlegess\u00e9.<\/p>\n<p data-start=\"477\" data-end=\"490\"><strong data-start=\"477\" data-end=\"490\">Jellemz\u0151k<\/strong><\/p>\n<ul data-start=\"491\" data-end=\"667\">\n<li data-section-id=\"17worc9\" data-start=\"491\" data-end=\"518\">\n<p data-start=\"493\" data-end=\"518\">m\u00e9ret: 100 \u00d7 150 cm<\/p>\n<\/li>\n<li data-section-id=\"1nrvudn\" data-start=\"519\" data-end=\"544\">\n<p data-start=\"521\" data-end=\"544\">anyag: 100% pamut<\/p>\n<\/li>\n<li data-section-id=\"xexm5q\" data-start=\"545\" data-end=\"575\">\n<p data-start=\"547\" data-end=\"575\">dar\u00e1zssz\u00f6v\u00e9s\u0171 szaunaleped\u0151<\/p>\n<\/li>\n<li data-section-id=\"1m3hxnb\" data-start=\"576\" data-end=\"601\">\n<p data-start=\"578\" data-end=\"601\">h\u00edmzett Feelmore log\u00f3<\/p>\n<\/li>\n<li data-section-id=\"3asete\" data-start=\"602\" data-end=\"632\">\n<p data-start=\"604\" data-end=\"632\">k\u00f6nny\u0171, j\u00f3l szell\u0151z\u0151 anyag<\/p>\n<\/li>\n<li data-section-id=\"ckj97w\" data-start=\"633\" data-end=\"667\">\n<p data-start=\"635\" data-end=\"667\">ide\u00e1lis szaun\u00e1hoz \u00e9s wellnesshez<\/p>\n<\/li>\n<\/ul>\n<p data-start=\"669\" data-end=\"727\" data-is-last-node=\"\" data-is-only-node=\"\"><em data-start=\"669\" data-end=\"724\">Ugyanaz a nyugodt Feelmore-pillanat \u2013 most otthon is.<\/em><\/p>\n<\/div>\n<\/div>\n<\/div>\n<\/div>\n<div class=\"z-0 flex min-h-[46px] justify-start\"><\/div>\n<div class=\"mt-3 w-full empty:hidden\">\n<div class=\"text-center\"><\/div>\n<\/div>\n<\/div>\n<\/div>\n<\/article>\n<\/div>\n<div class=\"pointer-events-none h-px w-px absolute bottom-0\" aria-hidden=\"true\" data-edge=\"true\"><\/div>\n","protected":false},"excerpt":{"rendered":"<p>Feelmore szaunaleped\u0151 \u2013 dar\u00e1zssz\u00f6v\u00e9s\u0171 pamut A szaun\u00e1z\u00e1s a Feelmore \u00e9lm\u00e9ny egyik legnyugodtabb pillanata. Ez a Feelmore szaunaleped\u0151 pontosan azt a letisztult k\u00e9nyelmet hozza el, amit vend\u00e9geink a h\u00e1zainkban is megtapasztalnak. A 100% pamut dar\u00e1zssz\u00f6v\u00e9s\u0171 anyag k\u00f6nny\u0171, j\u00f3l szell\u0151zik \u00e9s gyorsan sz\u00e1rad, \u00edgy ide\u00e1lis v\u00e1laszt\u00e1s szaun\u00e1hoz, wellnesshez vagy ak\u00e1r pihen\u00e9shez a jacuzzi ut\u00e1n. A feh\u00e9r anyagot [&hellip;]<\/p>\n","protected":false},"featured_media":8289,"template":"","meta":[],"product_brand":[],"product_cat":[180],"product_tag":[],"class_list":{"0":"post-8288","1":"product","2":"type-product","3":"status-publish","4":"has-post-thumbnail","6":"product_cat-egyeb-hu","8":"first","9":"instock","10":"shipping-taxable","11":"purchasable","12":"product-type-simple"},"_links":{"self":[{"href":"https:\/\/feelmore.hu\/webshop\/wp-json\/wp\/v2\/product\/8288","targetHints":{"allow":["GET"]}}],"collection":[{"href":"https:\/\/feelmore.hu\/webshop\/wp-json\/wp\/v2\/product"}],"about":[{"href":"https:\/\/feelmore.hu\/webshop\/wp-json\/wp\/v2\/types\/product"}],"wp:featuredmedia":[{"embeddable":true,"href":"https:\/\/feelmore.hu\/webshop\/wp-json\/wp\/v2\/media\/8289"}],"wp:attachment":[{"href":"https:\/\/feelmore.hu\/webshop\/wp-json\/wp\/v2\/media?parent=8288"}],"wp:term":[{"taxonomy":"product_brand","embeddable":true,"href":"https:\/\/feelmore.hu\/webshop\/wp-json\/wp\/v2\/product_brand?post=8288"},{"taxonomy":"product_cat","embeddable":true,"href":"https:\/\/feelmore.hu\/webshop\/wp-json\/wp\/v2\/product_cat?post=8288"},{"taxonomy":"product_tag","embeddable":true,"href":"https:\/\/feelmore.hu\/webshop\/wp-json\/wp\/v2\/product_tag?post=8288"}],"curies":[{"name":"wp","href":"https:\/\/api.w.org\/{rel}","templated":true}]}}