{"id":8283,"date":"2026-03-11T15:30:56","date_gmt":"2026-03-11T14:30:56","guid":{"rendered":"https:\/\/feelmore.hu\/webshop\/?post_type=product&#038;p=8283"},"modified":"2026-03-11T19:30:39","modified_gmt":"2026-03-11T18:30:39","slug":"kontos","status":"publish","type":"product","link":"https:\/\/feelmore.hu\/webshop\/product\/kontos\/","title":{"rendered":"K\u00f6nt\u00f6s"},"content":{"rendered":"<p data-start=\"0\" data-end=\"37\"><strong data-start=\"0\" data-end=\"37\">Feelmore k\u00f6nt\u00f6s \u2013 a pihen\u00e9s r\u00e9sze<\/strong><\/p>\n<p data-start=\"39\" data-end=\"255\">A Feelmore \u00e9lm\u00e9ny nem \u00e9r v\u00e9get a jacuzzin\u00e1l vagy egy lass\u00fa reggelin\u00e9l. Ez a puha, k\u00f6nny\u0171 Feelmore k\u00f6nt\u00f6s ugyanazt a k\u00e9nyelmet hozza el, amit a vend\u00e9geink az \u00faj h\u00e1zainkban \u2013 p\u00e9ld\u00e1ul Karancsalj\u00e1n \u2013 \u00e9lhetnek \u00e1t.<\/p>\n<p data-start=\"257\" data-end=\"461\">A letisztult feh\u00e9r k\u00f6nt\u00f6st az arany Feelmore log\u00f3 teszi k\u00fcl\u00f6nlegess\u00e9, mik\u00f6zben a k\u00f6nny\u0171, gyorsan sz\u00e1rad\u00f3 anyag k\u00e9nyelmes viseletet biztos\u00edt wellness, reggeli k\u00e1v\u00e9 vagy egy nyugodt esti pihen\u00e9s k\u00f6zben.<\/p>\n<p data-start=\"463\" data-end=\"539\">K\u00e9t m\u00e9retben \u00e9rhet\u0151 el, \u00edgy k\u00e9nyelmesen illeszkedik a legt\u00f6bb vend\u00e9ghez.<\/p>\n<p data-start=\"541\" data-end=\"554\"><strong data-start=\"541\" data-end=\"554\">Jellemz\u0151k<\/strong><\/p>\n<ul data-start=\"555\" data-end=\"743\">\n<li data-section-id=\"1guhijg\" data-start=\"555\" data-end=\"588\">\n<p data-start=\"557\" data-end=\"588\">Feelmore k\u00f6nt\u00f6s arany log\u00f3val<\/p>\n<\/li>\n<li data-section-id=\"xeqo5k\" data-start=\"589\" data-end=\"604\">\n<p data-start=\"591\" data-end=\"604\">sz\u00edn: feh\u00e9r<\/p>\n<\/li>\n<li data-section-id=\"ntkfl0\" data-start=\"605\" data-end=\"645\">\n<p data-start=\"607\" data-end=\"645\">anyag: 85% poli\u00e9szter, 15% nylon<\/p>\n<\/li>\n<li data-section-id=\"1m09we0\" data-start=\"646\" data-end=\"670\">\n<p data-start=\"648\" data-end=\"670\">m\u00e9retek: M \u00e9s XL<\/p>\n<\/li>\n<li data-section-id=\"4p81m6\" data-start=\"671\" data-end=\"695\">\n<p data-start=\"673\" data-end=\"695\">60 \u00b0C-on moshat\u00f3<\/p>\n<\/li>\n<li data-section-id=\"nb9ibz\" data-start=\"696\" data-end=\"709\">\n<p data-start=\"698\" data-end=\"709\">vasalhat\u00f3<\/p>\n<\/li>\n<li data-section-id=\"14iqok8\" data-start=\"710\" data-end=\"743\">\n<p data-start=\"712\" data-end=\"743\">sz\u00e1r\u00edt\u00f3g\u00e9pben is sz\u00e1r\u00edthat\u00f3<\/p>\n<\/li>\n<\/ul>\n<p data-start=\"745\" data-end=\"823\" data-is-last-node=\"\" data-is-only-node=\"\"><em data-start=\"745\" data-end=\"821\">Ugyanaz a k\u00e9nyelem, amit a Feelmore h\u00e1zakban tapasztalsz \u2013 most otthon is.<\/em><\/p>\n","protected":false},"excerpt":{"rendered":"<p>Feelmore k\u00f6nt\u00f6s \u2013 a pihen\u00e9s r\u00e9sze A Feelmore \u00e9lm\u00e9ny nem \u00e9r v\u00e9get a jacuzzin\u00e1l vagy egy lass\u00fa reggelin\u00e9l. Ez a puha, k\u00f6nny\u0171 Feelmore k\u00f6nt\u00f6s ugyanazt a k\u00e9nyelmet hozza el, amit a vend\u00e9geink az \u00faj h\u00e1zainkban \u2013 p\u00e9ld\u00e1ul Karancsalj\u00e1n \u2013 \u00e9lhetnek \u00e1t. A letisztult feh\u00e9r k\u00f6nt\u00f6st az arany Feelmore log\u00f3 teszi k\u00fcl\u00f6nlegess\u00e9, mik\u00f6zben a k\u00f6nny\u0171, gyorsan [&hellip;]<\/p>\n","protected":false},"featured_media":8284,"template":"","meta":[],"product_brand":[],"product_cat":[180],"product_tag":[],"class_list":{"0":"post-8283","1":"product","2":"type-product","3":"status-publish","4":"has-post-thumbnail","6":"product_cat-egyeb-hu","8":"first","9":"instock","10":"shipping-taxable","11":"purchasable","12":"product-type-variable"},"_links":{"self":[{"href":"https:\/\/feelmore.hu\/webshop\/wp-json\/wp\/v2\/product\/8283","targetHints":{"allow":["GET"]}}],"collection":[{"href":"https:\/\/feelmore.hu\/webshop\/wp-json\/wp\/v2\/product"}],"about":[{"href":"https:\/\/feelmore.hu\/webshop\/wp-json\/wp\/v2\/types\/product"}],"wp:featuredmedia":[{"embeddable":true,"href":"https:\/\/feelmore.hu\/webshop\/wp-json\/wp\/v2\/media\/8284"}],"wp:attachment":[{"href":"https:\/\/feelmore.hu\/webshop\/wp-json\/wp\/v2\/media?parent=8283"}],"wp:term":[{"taxonomy":"product_brand","embeddable":true,"href":"https:\/\/feelmore.hu\/webshop\/wp-json\/wp\/v2\/product_brand?post=8283"},{"taxonomy":"product_cat","embeddable":true,"href":"https:\/\/feelmore.hu\/webshop\/wp-json\/wp\/v2\/product_cat?post=8283"},{"taxonomy":"product_tag","embeddable":true,"href":"https:\/\/feelmore.hu\/webshop\/wp-json\/wp\/v2\/product_tag?post=8283"}],"curies":[{"name":"wp","href":"https:\/\/api.w.org\/{rel}","templated":true}]}}