{"id":8258,"date":"2026-03-11T13:55:48","date_gmt":"2026-03-11T12:55:48","guid":{"rendered":"https:\/\/feelmore.hu\/webshop\/?post_type=product&#038;p=8258"},"modified":"2026-03-11T20:14:19","modified_gmt":"2026-03-11T19:14:19","slug":"kenyerzsak","status":"publish","type":"product","link":"https:\/\/feelmore.hu\/webshop\/product\/kenyerzsak\/","title":{"rendered":"Keny\u00e9rzs\u00e1k"},"content":{"rendered":"<p>Feelmore keny\u00e9rzs\u00e1k \u2013 reggeli hangulat minden napra<\/p>\n<p>A Feelmore reggelik hangulat\u00e1t id\u00e9z\u0151 praktikus keny\u00e9rzs\u00e1k, amelyben friss p\u00e9k\u00e1rut t\u00e1rolhatsz vagy sz\u00e1ll\u00edthatsz st\u00edlusosan. A zs\u00e1k belseje v\u00edzleperget\u0151 b\u00e9l\u00e9ssel k\u00e9sz\u00fclt, \u00edgy higi\u00e9nikus \u00e9s k\u00f6nnyen tiszt\u00edthat\u00f3 megold\u00e1s keny\u00e9r, zs\u00f6mle vagy p\u00e9ks\u00fctem\u00e9nyek t\u00e1rol\u00e1s\u00e1ra.<\/p>\n<p data-start=\"320\" data-end=\"503\">Az \u00f6sszeh\u00fazhat\u00f3 zsin\u00f3r seg\u00edt frissen tartani a p\u00e9k\u00e1rut, a term\u00e9szetes z\u00f6ld sz\u00edn \u00e9s a Feelmore life log\u00f3 pedig a Feelmore vend\u00e9gh\u00e1zak hangulat\u00e1t hozza el az otthonodba.<\/p>\n<p data-start=\"505\" data-end=\"541\">A zs\u00e1k k\u00e9t m\u00e9retben \u00e9rhet\u0151 el:<\/p>\n<ul data-start=\"542\" data-end=\"643\">\n<li data-section-id=\"1hf08t8\" data-start=\"542\" data-end=\"585\">\n<p data-start=\"544\" data-end=\"585\">nagy m\u00e9ret \u2013 kb. 500 g-os keny\u00e9rhez<\/p>\n<\/li>\n<li data-section-id=\"1m2z3q5\" data-start=\"586\" data-end=\"643\">\n<p data-start=\"588\" data-end=\"643\">kis m\u00e9ret \u2013 zs\u00f6ml\u00e9khez, kiflikhez, p\u00e9ks\u00fctem\u00e9nyekhez<\/p>\n<\/li>\n<\/ul>\n<p data-start=\"645\" data-end=\"776\">A Feelmore vend\u00e9gh\u00e1zakban a reggelit ebben a zs\u00e1kban sz\u00e1ll\u00edtjuk ki a vend\u00e9geknek, \u00edgy most ugyanazt az \u00e9lm\u00e9nyt viheted haza is.<\/p>\n<p data-start=\"778\" data-end=\"796\"><strong data-start=\"778\" data-end=\"796\">Kulcsjellemz\u0151k<\/strong><\/p>\n<ul data-start=\"797\" data-end=\"1032\">\n<li data-section-id=\"zlxjt2\" data-start=\"797\" data-end=\"824\">\n<p data-start=\"799\" data-end=\"824\">\u00f6sszeh\u00fazhat\u00f3 keny\u00e9rzs\u00e1k<\/p>\n<\/li>\n<li data-section-id=\"1sf6las\" data-start=\"825\" data-end=\"853\">\n<p data-start=\"827\" data-end=\"853\">v\u00edzleperget\u0151 bels\u0151 b\u00e9l\u00e9s<\/p>\n<\/li>\n<li data-section-id=\"1j6c4yh\" data-start=\"854\" data-end=\"900\">\n<p data-start=\"856\" data-end=\"900\">k\u00e9t m\u00e9ret: keny\u00e9rhez vagy p\u00e9ks\u00fctem\u00e9nyekhez<\/p>\n<\/li>\n<li data-section-id=\"lklkn0\" data-start=\"901\" data-end=\"939\">\n<p data-start=\"903\" data-end=\"939\">textil k\u00fcls\u0151 Feelmore life log\u00f3val<\/p>\n<\/li>\n<li data-section-id=\"1kbpgqr\" data-start=\"940\" data-end=\"1001\">\n<p data-start=\"942\" data-end=\"1001\">moshat\u00f3 \u00e9s vasalhat\u00f3 (a log\u00f3s r\u00e9szt k\u00e9rj\u00fck ne vasald)<\/p>\n<\/li>\n<li data-section-id=\"1k7y16s\" data-start=\"1002\" data-end=\"1032\">\n<p data-start=\"1004\" data-end=\"1032\">praktikus t\u00e1rol\u00e1s p\u00e9k\u00e1rukhoz<\/p>\n<\/li>\n<\/ul>\n<p data-start=\"1034\" data-end=\"1090\" data-is-last-node=\"\" data-is-only-node=\"\"><em data-start=\"1034\" data-end=\"1085\">Egy kis Feelmore reggeli hangulat \u2013 minden napra.<\/em><\/p>\n","protected":false},"excerpt":{"rendered":"<p>Feelmore keny\u00e9rzs\u00e1k \u2013 reggeli hangulat minden napra A Feelmore reggelik hangulat\u00e1t id\u00e9z\u0151 praktikus keny\u00e9rzs\u00e1k, amelyben friss p\u00e9k\u00e1rut t\u00e1rolhatsz vagy sz\u00e1ll\u00edthatsz st\u00edlusosan. A zs\u00e1k belseje v\u00edzleperget\u0151 b\u00e9l\u00e9ssel k\u00e9sz\u00fclt, \u00edgy higi\u00e9nikus \u00e9s k\u00f6nnyen tiszt\u00edthat\u00f3 megold\u00e1s keny\u00e9r, zs\u00f6mle vagy p\u00e9ks\u00fctem\u00e9nyek t\u00e1rol\u00e1s\u00e1ra. Az \u00f6sszeh\u00fazhat\u00f3 zsin\u00f3r seg\u00edt frissen tartani a p\u00e9k\u00e1rut, a term\u00e9szetes z\u00f6ld sz\u00edn \u00e9s a Feelmore life log\u00f3 [&hellip;]<\/p>\n","protected":false},"featured_media":8259,"template":"","meta":[],"product_brand":[],"product_cat":[180],"product_tag":[],"class_list":{"0":"post-8258","1":"product","2":"type-product","3":"status-publish","4":"has-post-thumbnail","6":"product_cat-egyeb-hu","8":"first","9":"instock","10":"shipping-taxable","11":"purchasable","12":"product-type-variable"},"_links":{"self":[{"href":"https:\/\/feelmore.hu\/webshop\/wp-json\/wp\/v2\/product\/8258","targetHints":{"allow":["GET"]}}],"collection":[{"href":"https:\/\/feelmore.hu\/webshop\/wp-json\/wp\/v2\/product"}],"about":[{"href":"https:\/\/feelmore.hu\/webshop\/wp-json\/wp\/v2\/types\/product"}],"wp:featuredmedia":[{"embeddable":true,"href":"https:\/\/feelmore.hu\/webshop\/wp-json\/wp\/v2\/media\/8259"}],"wp:attachment":[{"href":"https:\/\/feelmore.hu\/webshop\/wp-json\/wp\/v2\/media?parent=8258"}],"wp:term":[{"taxonomy":"product_brand","embeddable":true,"href":"https:\/\/feelmore.hu\/webshop\/wp-json\/wp\/v2\/product_brand?post=8258"},{"taxonomy":"product_cat","embeddable":true,"href":"https:\/\/feelmore.hu\/webshop\/wp-json\/wp\/v2\/product_cat?post=8258"},{"taxonomy":"product_tag","embeddable":true,"href":"https:\/\/feelmore.hu\/webshop\/wp-json\/wp\/v2\/product_tag?post=8258"}],"curies":[{"name":"wp","href":"https:\/\/api.w.org\/{rel}","templated":true}]}}