{"id":8256,"date":"2026-03-11T13:15:14","date_gmt":"2026-03-11T12:15:14","guid":{"rendered":"https:\/\/feelmore.hu\/webshop\/?post_type=product&#038;p=8256"},"modified":"2026-03-11T14:23:15","modified_gmt":"2026-03-11T13:23:15","slug":"korondi-szonyeg","status":"publish","type":"product","link":"https:\/\/feelmore.hu\/webshop\/product\/korondi-szonyeg\/","title":{"rendered":"Korondi sz\u0151nyeg"},"content":{"rendered":"<p>Hagyom\u00e1nyos hangulat\u00fa, k\u00e9zzel sz\u0151tt korondi sz\u0151nyeg, amely term\u00e9szetes melegs\u00e9get \u00e9s karaktert visz a t\u00e9rbe. A z\u00f6ld \u00e9s s\u00e1rga \u00e1rnyalatokb\u00f3l \u00e1ll\u00f3 mintavil\u00e1g a klasszikus erd\u00e9lyi mot\u00edvumokat id\u00e9zi, mik\u00f6zben t\u00f6k\u00e9letesen illeszkedik modern, letisztult enteri\u0151r\u00f6kbe is. Ide\u00e1lis \u00e1gy mell\u00e9, olvas\u00f3sarokba vagy egy kisebb t\u00e9r hangulatos kieg\u00e9sz\u00edt\u0151jek\u00e9nt.<\/p>\n<p data-start=\"385\" data-end=\"489\">M\u00e9ret: 90 \u00d7 58 cm<br data-start=\"406\" data-end=\"409\" \/>Sz\u00edn: z\u00f6ld\u2013s\u00e1rga<br data-start=\"429\" data-end=\"432\" data-is-only-node=\"\" \/>Anyag: hagyom\u00e1nyos sz\u00f6v\u00e9s\u0171, term\u00e9szetes hat\u00e1s\u00fa textil<\/p>\n<p data-start=\"491\" data-end=\"569\" data-is-last-node=\"\" data-is-only-node=\"\">Egy kis darab erd\u00e9lyi k\u00e9zm\u0171ves hagyom\u00e1ny \u2013 a Feelmore otthonok nyugalm\u00e1val.<\/p>\n","protected":false},"excerpt":{"rendered":"<p data-start=\"34\" data-end=\"383\">Hagyom\u00e1nyos hangulat\u00fa, k\u00e9zzel sz\u0151tt korondi sz\u0151nyeg, amely term\u00e9szetes melegs\u00e9get \u00e9s karaktert visz a t\u00e9rbe. A z\u00f6ld \u00e9s s\u00e1rga \u00e1rnyalatokb\u00f3l \u00e1ll\u00f3 mintavil\u00e1g a klasszikus erd\u00e9lyi mot\u00edvumokat id\u00e9zi, mik\u00f6zben t\u00f6k\u00e9letesen illeszkedik modern, letisztult enteri\u0151r\u00f6kbe is. Ide\u00e1lis \u00e1gy mell\u00e9, olvas\u00f3sarokba vagy egy kisebb t\u00e9r hangulatos kieg\u00e9sz\u00edt\u0151jek\u00e9nt.<\/p>\n<p data-start=\"385\" data-end=\"489\"><strong data-start=\"385\" data-end=\"395\">M\u00e9ret:<\/strong> 90 \u00d7 58 cm<br data-start=\"406\" data-end=\"409\" \/><strong data-start=\"409\" data-end=\"418\">Sz\u00edn:<\/strong> z\u00f6ld\u2013s\u00e1rga<br data-start=\"429\" data-end=\"432\" data-is-only-node=\"\" \/><strong data-start=\"432\" data-end=\"442\">Anyag:<\/strong> hagyom\u00e1nyos sz\u00f6v\u00e9s\u0171, term\u00e9szetes hat\u00e1s\u00fa textil<\/p>\n<p data-start=\"491\" data-end=\"569\" data-is-last-node=\"\" data-is-only-node=\"\">Egy kis darab erd\u00e9lyi k\u00e9zm\u0171ves hagyom\u00e1ny \u2013 a Feelmore otthonok nyugalm\u00e1val.<\/p>\n","protected":false},"featured_media":8257,"template":"","meta":[],"product_brand":[],"product_cat":[180],"product_tag":[],"class_list":{"0":"post-8256","1":"product","2":"type-product","3":"status-publish","4":"has-post-thumbnail","6":"product_cat-egyeb-hu","8":"first","9":"instock","10":"shipping-taxable","11":"purchasable","12":"product-type-simple"},"_links":{"self":[{"href":"https:\/\/feelmore.hu\/webshop\/wp-json\/wp\/v2\/product\/8256","targetHints":{"allow":["GET"]}}],"collection":[{"href":"https:\/\/feelmore.hu\/webshop\/wp-json\/wp\/v2\/product"}],"about":[{"href":"https:\/\/feelmore.hu\/webshop\/wp-json\/wp\/v2\/types\/product"}],"wp:featuredmedia":[{"embeddable":true,"href":"https:\/\/feelmore.hu\/webshop\/wp-json\/wp\/v2\/media\/8257"}],"wp:attachment":[{"href":"https:\/\/feelmore.hu\/webshop\/wp-json\/wp\/v2\/media?parent=8256"}],"wp:term":[{"taxonomy":"product_brand","embeddable":true,"href":"https:\/\/feelmore.hu\/webshop\/wp-json\/wp\/v2\/product_brand?post=8256"},{"taxonomy":"product_cat","embeddable":true,"href":"https:\/\/feelmore.hu\/webshop\/wp-json\/wp\/v2\/product_cat?post=8256"},{"taxonomy":"product_tag","embeddable":true,"href":"https:\/\/feelmore.hu\/webshop\/wp-json\/wp\/v2\/product_tag?post=8256"}],"curies":[{"name":"wp","href":"https:\/\/api.w.org\/{rel}","templated":true}]}}