{"id":8253,"date":"2026-03-05T12:56:22","date_gmt":"2026-03-05T11:56:22","guid":{"rendered":"https:\/\/feelmore.hu\/webshop\/?post_type=product&#038;p=8253"},"modified":"2026-03-11T14:53:03","modified_gmt":"2026-03-11T13:53:03","slug":"tesztaszuro","status":"publish","type":"product","link":"https:\/\/feelmore.hu\/webshop\/product\/tesztaszuro\/","title":{"rendered":"T\u00e9sztasz\u0171r\u0151"},"content":{"rendered":"<div class=\"flex flex-col text-sm pb-25\">\n<article class=\"text-token-text-primary w-full focus:outline-none [--shadow-height:45px] has-data-writing-block:pointer-events-none has-data-writing-block:-mt-(--shadow-height) has-data-writing-block:pt-(--shadow-height) [&amp;:has([data-writing-block])&gt;*]:pointer-events-auto scroll-mt-[calc(var(--header-height)+min(200px,max(70px,20svh)))]\" dir=\"auto\" tabindex=\"-1\" data-turn-id=\"request-WEB:a570b356-94bb-43ad-8e06-8b1d2cadd267-4\" data-testid=\"conversation-turn-10\" data-scroll-anchor=\"true\" data-turn=\"assistant\">\n<div class=\"text-base my-auto mx-auto pb-10 [--thread-content-margin:var(--thread-content-margin-xs,calc(var(--spacing)*4))] @w-sm\/main:[--thread-content-margin:var(--thread-content-margin-sm,calc(var(--spacing)*6))] @w-lg\/main:[--thread-content-margin:var(--thread-content-margin-lg,calc(var(--spacing)*16))] px-(--thread-content-margin)\">\n<div class=\"[--thread-content-max-width:40rem] @w-lg\/main:[--thread-content-max-width:48rem] mx-auto max-w-(--thread-content-max-width) flex-1 group\/turn-messages focus-visible:outline-hidden relative flex w-full min-w-0 flex-col agent-turn\" tabindex=\"-1\">\n<div class=\"flex max-w-full flex-col gap-4 grow\">\n<div class=\"min-h-8 text-message relative flex w-full flex-col items-end gap-2 text-start break-words whitespace-normal [.text-message+&amp;]:mt-1\" dir=\"auto\" data-message-author-role=\"assistant\" data-message-id=\"d42daa51-a9bd-41a3-8ae4-fc2e5c4e2e67\" data-message-model-slug=\"gpt-5-3\">\n<div class=\"flex w-full flex-col gap-1 empty:hidden\">\n<div class=\"markdown prose dark:prose-invert w-full wrap-break-word dark markdown-new-styling\">\n<p data-start=\"0\" data-end=\"80\"><strong data-start=\"0\" data-end=\"80\">Master Class rozsdamentes ac\u00e9l sz\u0171r\u0151 \u2013 matt fekete, r\u00e9z r\u00e9szletekkel (24 cm)<\/strong><\/p>\n<p data-start=\"82\" data-end=\"321\">Letisztult forma, id\u0151t\u00e1ll\u00f3 megjelen\u00e9s \u00e9s praktikus haszn\u00e1lat egyben. Ez a Master Class rozsdamentes ac\u00e9l sz\u0171r\u0151 nemcsak egy hasznos konyhai eszk\u00f6z, hanem egy st\u00edlusos darab is, amely j\u00f3l illik a term\u00e9szetes, nyugodt hangulat\u00fa konyh\u00e1kba.<\/p>\n<p data-start=\"323\" data-end=\"577\">A matt fekete fel\u00fclet \u00e9s a r\u00e9z hat\u00e1s\u00fa foganty\u00fak \u00e9s perem eleg\u00e1ns kontrasztot adnak, mik\u00f6zben a stabil talp \u00e9s a k\u00e9nyelmes foganty\u00fak megk\u00f6nny\u00edtik a mindennapi haszn\u00e1latot. Ide\u00e1lis t\u00e9szta, z\u00f6lds\u00e9gek vagy gy\u00fcm\u00f6lcs\u00f6k le\u00f6bl\u00edt\u00e9s\u00e9hez, lecsepegtet\u00e9s\u00e9hez.<\/p>\n<p data-start=\"579\" data-end=\"597\"><strong data-start=\"579\" data-end=\"597\">F\u0151bb jellemz\u0151k<\/strong><\/p>\n<ul data-start=\"598\" data-end=\"827\">\n<li data-section-id=\"93cda9\" data-start=\"598\" data-end=\"625\">\n<p data-start=\"600\" data-end=\"625\">rozsdamentes ac\u00e9l sz\u0171r\u0151<\/p>\n<\/li>\n<li data-section-id=\"15fuowx\" data-start=\"626\" data-end=\"686\">\n<p data-start=\"628\" data-end=\"686\">24 cm \u00e1tm\u00e9r\u0151<\/p>\n<\/li>\n<li data-section-id=\"206c9i\" data-start=\"687\" data-end=\"710\">\n<p data-start=\"689\" data-end=\"710\">matt fekete fel\u00fclet<\/p>\n<\/li>\n<li data-section-id=\"j2qgxg\" data-start=\"711\" data-end=\"744\">\n<p data-start=\"713\" data-end=\"744\">r\u00e9z hat\u00e1s\u00fa foganty\u00fak \u00e9s perem<\/p>\n<\/li>\n<li data-section-id=\"1jeapvf\" data-start=\"745\" data-end=\"783\">\n<p data-start=\"747\" data-end=\"783\">stabil talp a biztos elhelyez\u00e9shez<\/p>\n<\/li>\n<li data-section-id=\"j5efta\" data-start=\"784\" data-end=\"827\">\n<p data-start=\"786\" data-end=\"827\">k\u00e9nyelmes foganty\u00fak a k\u00f6nny\u0171 kezel\u00e9s\u00e9rt<\/p>\n<\/li>\n<\/ul>\n<p data-start=\"829\" data-end=\"902\" data-is-last-node=\"\" data-is-only-node=\"\"><em data-start=\"829\" data-end=\"900\">Praktikus konyhai eszk\u00f6z, amely st\u00edlust is visz a mindennapi f\u0151z\u00e9sbe.<\/em><\/p>\n<\/div>\n<\/div>\n<\/div>\n<\/div>\n<div class=\"z-0 flex min-h-[46px] justify-start\"><\/div>\n<div class=\"mt-3 w-full empty:hidden\">\n<div class=\"text-center\"><\/div>\n<\/div>\n<\/div>\n<\/div>\n<\/article>\n<\/div>\n<div class=\"pointer-events-none h-px w-px absolute bottom-0\" aria-hidden=\"true\" data-edge=\"true\"><\/div>\n","protected":false},"excerpt":{"rendered":"<p>Master Class rozsdamentes ac\u00e9l sz\u0171r\u0151 \u2013 matt fekete, r\u00e9z r\u00e9szletekkel (24 cm) Letisztult forma, id\u0151t\u00e1ll\u00f3 megjelen\u00e9s \u00e9s praktikus haszn\u00e1lat egyben. Ez a Master Class rozsdamentes ac\u00e9l sz\u0171r\u0151 nemcsak egy hasznos konyhai eszk\u00f6z, hanem egy st\u00edlusos darab is, amely j\u00f3l illik a term\u00e9szetes, nyugodt hangulat\u00fa konyh\u00e1kba. A matt fekete fel\u00fclet \u00e9s a r\u00e9z hat\u00e1s\u00fa foganty\u00fak \u00e9s [&hellip;]<\/p>\n","protected":false},"featured_media":8254,"template":"","meta":[],"product_brand":[],"product_cat":[180],"product_tag":[],"class_list":{"0":"post-8253","1":"product","2":"type-product","3":"status-publish","4":"has-post-thumbnail","6":"product_cat-egyeb-hu","8":"first","9":"instock","10":"shipping-taxable","11":"purchasable","12":"product-type-simple"},"_links":{"self":[{"href":"https:\/\/feelmore.hu\/webshop\/wp-json\/wp\/v2\/product\/8253","targetHints":{"allow":["GET"]}}],"collection":[{"href":"https:\/\/feelmore.hu\/webshop\/wp-json\/wp\/v2\/product"}],"about":[{"href":"https:\/\/feelmore.hu\/webshop\/wp-json\/wp\/v2\/types\/product"}],"wp:featuredmedia":[{"embeddable":true,"href":"https:\/\/feelmore.hu\/webshop\/wp-json\/wp\/v2\/media\/8254"}],"wp:attachment":[{"href":"https:\/\/feelmore.hu\/webshop\/wp-json\/wp\/v2\/media?parent=8253"}],"wp:term":[{"taxonomy":"product_brand","embeddable":true,"href":"https:\/\/feelmore.hu\/webshop\/wp-json\/wp\/v2\/product_brand?post=8253"},{"taxonomy":"product_cat","embeddable":true,"href":"https:\/\/feelmore.hu\/webshop\/wp-json\/wp\/v2\/product_cat?post=8253"},{"taxonomy":"product_tag","embeddable":true,"href":"https:\/\/feelmore.hu\/webshop\/wp-json\/wp\/v2\/product_tag?post=8253"}],"curies":[{"name":"wp","href":"https:\/\/api.w.org\/{rel}","templated":true}]}}