{"id":7323,"date":"2025-11-24T16:08:16","date_gmt":"2025-11-24T15:08:16","guid":{"rendered":"https:\/\/feelmore.hu\/webshop\/?page_id=7323"},"modified":"2026-04-27T19:45:07","modified_gmt":"2026-04-27T17:45:07","slug":"uzlet","status":"publish","type":"page","link":"https:\/\/feelmore.hu\/webshop\/","title":{"rendered":"\u00dczlet"},"content":{"rendered":"\t\t<div data-elementor-type=\"wp-page\" data-elementor-id=\"7323\" class=\"elementor elementor-7323\" data-elementor-post-type=\"page\">\n\t\t\t\t<div class=\"elementor-element elementor-element-55e16218 e-flex e-con-boxed e-con e-parent\" data-id=\"55e16218\" data-element_type=\"container\" data-e-type=\"container\">\n\t\t\t\t\t<div class=\"e-con-inner\">\n\t\t\t\t<div class=\"elementor-element elementor-element-4b4dd879 elementor-widget elementor-widget-heading\" data-id=\"4b4dd879\" data-element_type=\"widget\" data-e-type=\"widget\" data-widget_type=\"heading.default\">\n\t\t\t\t<div class=\"elementor-widget-container\">\n\t\t\t\t\t<h1 class=\"elementor-heading-title elementor-size-default\">Term\u00e9keink<\/h1>\t\t\t\t<\/div>\n\t\t\t\t<\/div>\n\t\t\t\t<div class=\"elementor-element elementor-element-74cea901 elementor-widget elementor-widget-heading\" data-id=\"74cea901\" data-element_type=\"widget\" data-e-type=\"widget\" data-widget_type=\"heading.default\">\n\t\t\t\t<div class=\"elementor-widget-container\">\n\t\t\t\t\t<h2 class=\"elementor-heading-title elementor-size-default\">A Feelmore vend\u00e9gh\u00e1zak hangulat\u00e1t most hazaviheted.<br data-start=\"191\" data-end=\"194\">\nWebshopunkban olyan gondosan v\u00e1logatott t\u00e1rgyakat tal\u00e1lsz, amelyek kabinjainkban is megtal\u00e1lhat\u00f3k \u2013 \u00e9s amelyeket vend\u00e9geink m\u00e1r kipr\u00f3b\u00e1ltak egy pihen\u00e9s sor\u00e1n.<br data-start=\"354\" data-end=\"357\">\nHa beleszerett\u00e9l valamibe a tart\u00f3zkod\u00e1sod alatt, itt megtal\u00e1lod.<\/h2>\t\t\t\t<\/div>\n\t\t\t\t<\/div>\n\t\t\t\t\t<\/div>\n\t\t\t\t<\/div>\n\t\t<div class=\"elementor-element elementor-element-2335ac01 e-flex e-con-boxed e-con e-parent\" data-id=\"2335ac01\" data-element_type=\"container\" data-e-type=\"container\">\n\t\t\t\t\t<div class=\"e-con-inner\">\n\t\t\t\t<div class=\"elementor-element elementor-element-d9a0743 elementor-product-loop-item--align-center elementor-grid-4 elementor-grid-tablet-3 elementor-grid-mobile-2 elementor-products-grid elementor-wc-products elementor-show-pagination-border-yes elementor-widget elementor-widget-woocommerce-products\" data-id=\"d9a0743\" data-element_type=\"widget\" data-e-type=\"widget\" data-widget_type=\"woocommerce-products.default\">\n\t\t\t\t<div class=\"elementor-widget-container\">\n\t\t\t\t\t<div class=\"woocommerce columns-4 \"><div class=\"woocommerce-notices-wrapper\"><\/div><p class=\"woocommerce-result-count\" role=\"alert\" aria-relevant=\"all\" >\n\tMind a(z) 7 tal\u00e1lat megjelen\u00edtve<\/p>\n<form class=\"woocommerce-ordering\" method=\"get\">\n\t\t<select\n\t\tname=\"orderby\"\n\t\tclass=\"orderby\"\n\t\t\t\t\taria-label=\"Sorrend\"\n\t\t\t>\n\t\t\t\t\t<option value=\"menu_order\"  selected='selected'>Alap\u00e9rtelmezett rendez\u00e9s<\/option>\n\t\t\t\t\t<option value=\"popularity\" >Rendez\u00e9s n\u00e9pszer\u0171s\u00e9g szerint<\/option>\n\t\t\t\t\t<option value=\"date\" >Rendez\u00e9s leg\u00fajabb alapj\u00e1n<\/option>\n\t\t\t\t\t<option value=\"price\" >Rendez\u00e9s: \u00e1r szerint n\u00f6vekv\u0151<\/option>\n\t\t\t\t\t<option value=\"price-desc\" >Rendez\u00e9s: \u00e1r szerint cs\u00f6kken\u0151<\/option>\n\t\t\t<\/select>\n\t<input type=\"hidden\" name=\"paged\" value=\"1\" \/>\n\t<\/form>\n<ul class=\"products elementor-grid columns-4\">\n<li class=\"product type-product post-8292 status-publish first instock product_cat-egyeb-hu has-post-thumbnail shipping-taxable purchasable product-type-simple\">\n\t<a href=\"https:\/\/feelmore.hu\/webshop\/product\/vizforralo\/\" class=\"woocommerce-LoopProduct-link woocommerce-loop-product__link\"><img fetchpriority=\"high\" decoding=\"async\" width=\"300\" height=\"300\" src=\"https:\/\/feelmore.hu\/webshop\/wp-content\/uploads\/2026\/03\/untitled-14-of-121-300x300.jpg\" class=\"attachment-woocommerce_thumbnail size-woocommerce_thumbnail\" alt=\"V\u00edzforral\u00f3\" srcset=\"https:\/\/feelmore.hu\/webshop\/wp-content\/uploads\/2026\/03\/untitled-14-of-121-300x300.jpg 300w, https:\/\/feelmore.hu\/webshop\/wp-content\/uploads\/2026\/03\/untitled-14-of-121-150x150.jpg 150w, https:\/\/feelmore.hu\/webshop\/wp-content\/uploads\/2026\/03\/untitled-14-of-121-100x100.jpg 100w\" sizes=\"(max-width: 300px) 100vw, 300px\" \/><h2 class=\"woocommerce-loop-product__title\">V\u00edzforral\u00f3<\/h2>\n\t<span class=\"price\"><span class=\"woocommerce-Price-amount amount\"><bdi>26.900&nbsp;<span class=\"woocommerce-Price-currencySymbol\">&#70;&#116;<\/span><\/bdi><\/span><\/span>\n<\/a><div class=\"woocommerce-loop-product__buttons\"><a href=\"\/webshop\/wp-json\/wp\/v2\/pages\/7323?add-to-cart=8292\" aria-describedby=\"woocommerce_loop_add_to_cart_link_describedby_8292\" data-quantity=\"1\" class=\"button product_type_simple add_to_cart_button ajax_add_to_cart\" data-product_id=\"8292\" data-product_sku=\"\" aria-label=\"Kos\u00e1rba: &ldquo;V\u00edzforral\u00f3&rdquo;\" rel=\"nofollow\" data-success_message=\"&ldquo;V\u00edzforral\u00f3&rdquo; has been added to your cart\" role=\"button\">Kos\u00e1rba teszem<\/a><\/div>\t<span id=\"woocommerce_loop_add_to_cart_link_describedby_8292\" class=\"screen-reader-text\">\n\t\t\t<\/span>\n<\/li>\n<li class=\"product type-product post-8256 status-publish instock product_cat-egyeb-hu has-post-thumbnail shipping-taxable purchasable product-type-simple\">\n\t<a href=\"https:\/\/feelmore.hu\/webshop\/product\/korondi-szonyeg\/\" class=\"woocommerce-LoopProduct-link woocommerce-loop-product__link\"><img decoding=\"async\" width=\"300\" height=\"300\" src=\"https:\/\/feelmore.hu\/webshop\/wp-content\/uploads\/2026\/03\/untitled-94-of-121-300x300.jpg\" class=\"attachment-woocommerce_thumbnail size-woocommerce_thumbnail\" alt=\"Korondi sz\u0151nyeg\" srcset=\"https:\/\/feelmore.hu\/webshop\/wp-content\/uploads\/2026\/03\/untitled-94-of-121-300x300.jpg 300w, https:\/\/feelmore.hu\/webshop\/wp-content\/uploads\/2026\/03\/untitled-94-of-121-150x150.jpg 150w, https:\/\/feelmore.hu\/webshop\/wp-content\/uploads\/2026\/03\/untitled-94-of-121-100x100.jpg 100w\" sizes=\"(max-width: 300px) 100vw, 300px\" \/><h2 class=\"woocommerce-loop-product__title\">Korondi sz\u0151nyeg<\/h2>\n\t<span class=\"price\"><span class=\"woocommerce-Price-amount amount\"><bdi>14.900&nbsp;<span class=\"woocommerce-Price-currencySymbol\">&#70;&#116;<\/span><\/bdi><\/span><\/span>\n<\/a><div class=\"woocommerce-loop-product__buttons\"><a href=\"\/webshop\/wp-json\/wp\/v2\/pages\/7323?add-to-cart=8256\" aria-describedby=\"woocommerce_loop_add_to_cart_link_describedby_8256\" data-quantity=\"1\" class=\"button product_type_simple add_to_cart_button ajax_add_to_cart\" data-product_id=\"8256\" data-product_sku=\"\" aria-label=\"Kos\u00e1rba: &ldquo;Korondi sz\u0151nyeg&rdquo;\" rel=\"nofollow\" data-success_message=\"&ldquo;Korondi sz\u0151nyeg&rdquo; has been added to your cart\" role=\"button\">Kos\u00e1rba teszem<\/a><\/div>\t<span id=\"woocommerce_loop_add_to_cart_link_describedby_8256\" class=\"screen-reader-text\">\n\t\t\t<\/span>\n<\/li>\n<li class=\"product type-product post-8258 status-publish instock product_cat-egyeb-hu has-post-thumbnail shipping-taxable purchasable product-type-variable\">\n\t<a href=\"https:\/\/feelmore.hu\/webshop\/product\/kenyerzsak\/\" class=\"woocommerce-LoopProduct-link woocommerce-loop-product__link\"><img decoding=\"async\" width=\"300\" height=\"300\" src=\"https:\/\/feelmore.hu\/webshop\/wp-content\/uploads\/2026\/03\/untitled-83-of-121-300x300.jpg\" class=\"attachment-woocommerce_thumbnail size-woocommerce_thumbnail\" alt=\"Keny\u00e9rzs\u00e1k\" srcset=\"https:\/\/feelmore.hu\/webshop\/wp-content\/uploads\/2026\/03\/untitled-83-of-121-300x300.jpg 300w, https:\/\/feelmore.hu\/webshop\/wp-content\/uploads\/2026\/03\/untitled-83-of-121-150x150.jpg 150w, https:\/\/feelmore.hu\/webshop\/wp-content\/uploads\/2026\/03\/untitled-83-of-121-100x100.jpg 100w\" sizes=\"(max-width: 300px) 100vw, 300px\" \/><h2 class=\"woocommerce-loop-product__title\">Keny\u00e9rzs\u00e1k<\/h2>\n\t<span class=\"price\"><span class=\"woocommerce-Price-amount amount\" aria-hidden=\"true\"><bdi>4.990&nbsp;<span class=\"woocommerce-Price-currencySymbol\">&#70;&#116;<\/span><\/bdi><\/span> <span aria-hidden=\"true\">&ndash;<\/span> <span class=\"woocommerce-Price-amount amount\" aria-hidden=\"true\"><bdi>6.990&nbsp;<span class=\"woocommerce-Price-currencySymbol\">&#70;&#116;<\/span><\/bdi><\/span><span class=\"screen-reader-text\">\u00c1rtartom\u00e1ny: 4.990&nbsp;&#70;&#116; - 6.990&nbsp;&#70;&#116;<\/span><\/span>\n<\/a><div class=\"woocommerce-loop-product__buttons\"><a href=\"https:\/\/feelmore.hu\/webshop\/product\/kenyerzsak\/\" aria-describedby=\"woocommerce_loop_add_to_cart_link_describedby_8258\" data-quantity=\"1\" class=\"button product_type_variable add_to_cart_button\" data-product_id=\"8258\" data-product_sku=\"\" aria-label=\"V\u00e1lasszunk &ldquo;Keny\u00e9rzs\u00e1k&rdquo; lehet\u0151s\u00e9gek k\u00f6z\u00fcl\" rel=\"nofollow\">Opci\u00f3k v\u00e1laszt\u00e1sa<\/a><\/div>\t<span id=\"woocommerce_loop_add_to_cart_link_describedby_8258\" class=\"screen-reader-text\">\n\t\tEnnek a term\u00e9knek t\u00f6bb vari\u00e1ci\u00f3ja van. A v\u00e1ltozatok a term\u00e9koldalon v\u00e1laszthat\u00f3k ki\t<\/span>\n<\/li>\n<li class=\"product type-product post-8251 status-publish last instock product_cat-egyeb-hu has-post-thumbnail shipping-taxable purchasable product-type-simple\">\n\t<a href=\"https:\/\/feelmore.hu\/webshop\/product\/teaskanna\/\" class=\"woocommerce-LoopProduct-link woocommerce-loop-product__link\"><img loading=\"lazy\" decoding=\"async\" width=\"300\" height=\"300\" src=\"https:\/\/feelmore.hu\/webshop\/wp-content\/uploads\/2026\/03\/untitled-61-of-121-300x300.jpg\" class=\"attachment-woocommerce_thumbnail size-woocommerce_thumbnail\" alt=\"Te\u00e1skanna\" srcset=\"https:\/\/feelmore.hu\/webshop\/wp-content\/uploads\/2026\/03\/untitled-61-of-121-300x300.jpg 300w, https:\/\/feelmore.hu\/webshop\/wp-content\/uploads\/2026\/03\/untitled-61-of-121-150x150.jpg 150w, https:\/\/feelmore.hu\/webshop\/wp-content\/uploads\/2026\/03\/untitled-61-of-121-100x100.jpg 100w\" sizes=\"(max-width: 300px) 100vw, 300px\" \/><h2 class=\"woocommerce-loop-product__title\">Te\u00e1skanna<\/h2>\n\t<span class=\"price\"><span class=\"woocommerce-Price-amount amount\"><bdi>18.990&nbsp;<span class=\"woocommerce-Price-currencySymbol\">&#70;&#116;<\/span><\/bdi><\/span><\/span>\n<\/a><div class=\"woocommerce-loop-product__buttons\"><a href=\"\/webshop\/wp-json\/wp\/v2\/pages\/7323?add-to-cart=8251\" aria-describedby=\"woocommerce_loop_add_to_cart_link_describedby_8251\" data-quantity=\"1\" class=\"button product_type_simple add_to_cart_button ajax_add_to_cart\" data-product_id=\"8251\" data-product_sku=\"\" aria-label=\"Kos\u00e1rba: &ldquo;Te\u00e1skanna&rdquo;\" rel=\"nofollow\" data-success_message=\"&ldquo;Te\u00e1skanna&rdquo; has been added to your cart\" role=\"button\">Kos\u00e1rba teszem<\/a><\/div>\t<span id=\"woocommerce_loop_add_to_cart_link_describedby_8251\" class=\"screen-reader-text\">\n\t\t\t<\/span>\n<\/li>\n<li class=\"product type-product post-8288 status-publish first instock product_cat-egyeb-hu has-post-thumbnail shipping-taxable purchasable product-type-simple\">\n\t<a href=\"https:\/\/feelmore.hu\/webshop\/product\/szaunalepedo\/\" class=\"woocommerce-LoopProduct-link woocommerce-loop-product__link\"><img loading=\"lazy\" decoding=\"async\" width=\"300\" height=\"300\" src=\"https:\/\/feelmore.hu\/webshop\/wp-content\/uploads\/2026\/03\/untitled-74-of-121-300x300.jpg\" class=\"attachment-woocommerce_thumbnail size-woocommerce_thumbnail\" alt=\"Szaunaleped\u0151\" srcset=\"https:\/\/feelmore.hu\/webshop\/wp-content\/uploads\/2026\/03\/untitled-74-of-121-300x300.jpg 300w, https:\/\/feelmore.hu\/webshop\/wp-content\/uploads\/2026\/03\/untitled-74-of-121-150x150.jpg 150w, https:\/\/feelmore.hu\/webshop\/wp-content\/uploads\/2026\/03\/untitled-74-of-121-100x100.jpg 100w\" sizes=\"(max-width: 300px) 100vw, 300px\" \/><h2 class=\"woocommerce-loop-product__title\">Szaunaleped\u0151<\/h2>\n\t<span class=\"price\"><span class=\"woocommerce-Price-amount amount\"><bdi>4.490&nbsp;<span class=\"woocommerce-Price-currencySymbol\">&#70;&#116;<\/span><\/bdi><\/span><\/span>\n<\/a><div class=\"woocommerce-loop-product__buttons\"><a href=\"\/webshop\/wp-json\/wp\/v2\/pages\/7323?add-to-cart=8288\" aria-describedby=\"woocommerce_loop_add_to_cart_link_describedby_8288\" data-quantity=\"1\" class=\"button product_type_simple add_to_cart_button ajax_add_to_cart\" data-product_id=\"8288\" data-product_sku=\"\" aria-label=\"Kos\u00e1rba: &ldquo;Szaunaleped\u0151&rdquo;\" rel=\"nofollow\" data-success_message=\"&ldquo;Szaunaleped\u0151&rdquo; has been added to your cart\" role=\"button\">Kos\u00e1rba teszem<\/a><\/div>\t<span id=\"woocommerce_loop_add_to_cart_link_describedby_8288\" class=\"screen-reader-text\">\n\t\t\t<\/span>\n<\/li>\n<li class=\"product type-product post-8253 status-publish instock product_cat-egyeb-hu has-post-thumbnail shipping-taxable purchasable product-type-simple\">\n\t<a href=\"https:\/\/feelmore.hu\/webshop\/product\/tesztaszuro\/\" class=\"woocommerce-LoopProduct-link woocommerce-loop-product__link\"><img loading=\"lazy\" decoding=\"async\" width=\"300\" height=\"300\" src=\"https:\/\/feelmore.hu\/webshop\/wp-content\/uploads\/2026\/03\/untitled-25-of-121-300x300.jpg\" class=\"attachment-woocommerce_thumbnail size-woocommerce_thumbnail\" alt=\"T\u00e9sztasz\u0171r\u0151\" srcset=\"https:\/\/feelmore.hu\/webshop\/wp-content\/uploads\/2026\/03\/untitled-25-of-121-300x300.jpg 300w, https:\/\/feelmore.hu\/webshop\/wp-content\/uploads\/2026\/03\/untitled-25-of-121-150x150.jpg 150w, https:\/\/feelmore.hu\/webshop\/wp-content\/uploads\/2026\/03\/untitled-25-of-121-100x100.jpg 100w\" sizes=\"(max-width: 300px) 100vw, 300px\" \/><h2 class=\"woocommerce-loop-product__title\">T\u00e9sztasz\u0171r\u0151<\/h2>\n\t<span class=\"price\"><span class=\"woocommerce-Price-amount amount\"><bdi>8.990&nbsp;<span class=\"woocommerce-Price-currencySymbol\">&#70;&#116;<\/span><\/bdi><\/span><\/span>\n<\/a><div class=\"woocommerce-loop-product__buttons\"><a href=\"\/webshop\/wp-json\/wp\/v2\/pages\/7323?add-to-cart=8253\" aria-describedby=\"woocommerce_loop_add_to_cart_link_describedby_8253\" data-quantity=\"1\" class=\"button product_type_simple add_to_cart_button ajax_add_to_cart\" data-product_id=\"8253\" data-product_sku=\"\" aria-label=\"Kos\u00e1rba: &ldquo;T\u00e9sztasz\u0171r\u0151&rdquo;\" rel=\"nofollow\" data-success_message=\"&ldquo;T\u00e9sztasz\u0171r\u0151&rdquo; has been added to your cart\" role=\"button\">Kos\u00e1rba teszem<\/a><\/div>\t<span id=\"woocommerce_loop_add_to_cart_link_describedby_8253\" class=\"screen-reader-text\">\n\t\t\t<\/span>\n<\/li>\n<li class=\"product type-product post-8283 status-publish instock product_cat-egyeb-hu has-post-thumbnail shipping-taxable purchasable product-type-variable\">\n\t<a href=\"https:\/\/feelmore.hu\/webshop\/product\/kontos\/\" class=\"woocommerce-LoopProduct-link woocommerce-loop-product__link\"><img loading=\"lazy\" decoding=\"async\" width=\"300\" height=\"300\" src=\"https:\/\/feelmore.hu\/webshop\/wp-content\/uploads\/2026\/03\/untitled-112-of-121-300x300.jpg\" class=\"attachment-woocommerce_thumbnail size-woocommerce_thumbnail\" alt=\"K\u00f6nt\u00f6s\" srcset=\"https:\/\/feelmore.hu\/webshop\/wp-content\/uploads\/2026\/03\/untitled-112-of-121-300x300.jpg 300w, https:\/\/feelmore.hu\/webshop\/wp-content\/uploads\/2026\/03\/untitled-112-of-121-150x150.jpg 150w, https:\/\/feelmore.hu\/webshop\/wp-content\/uploads\/2026\/03\/untitled-112-of-121-100x100.jpg 100w\" sizes=\"(max-width: 300px) 100vw, 300px\" \/><h2 class=\"woocommerce-loop-product__title\">K\u00f6nt\u00f6s<\/h2>\n\t<span class=\"price\"><span class=\"woocommerce-Price-amount amount\" aria-hidden=\"true\"><bdi>14.900&nbsp;<span class=\"woocommerce-Price-currencySymbol\">&#70;&#116;<\/span><\/bdi><\/span> <span aria-hidden=\"true\">&ndash;<\/span> <span class=\"woocommerce-Price-amount amount\" aria-hidden=\"true\"><bdi>16.900&nbsp;<span class=\"woocommerce-Price-currencySymbol\">&#70;&#116;<\/span><\/bdi><\/span><span class=\"screen-reader-text\">\u00c1rtartom\u00e1ny: 14.900&nbsp;&#70;&#116; - 16.900&nbsp;&#70;&#116;<\/span><\/span>\n<\/a><div class=\"woocommerce-loop-product__buttons\"><a href=\"https:\/\/feelmore.hu\/webshop\/product\/kontos\/\" aria-describedby=\"woocommerce_loop_add_to_cart_link_describedby_8283\" data-quantity=\"1\" class=\"button product_type_variable add_to_cart_button\" data-product_id=\"8283\" data-product_sku=\"\" aria-label=\"V\u00e1lasszunk &ldquo;K\u00f6nt\u00f6s&rdquo; lehet\u0151s\u00e9gek k\u00f6z\u00fcl\" rel=\"nofollow\">Opci\u00f3k v\u00e1laszt\u00e1sa<\/a><\/div>\t<span id=\"woocommerce_loop_add_to_cart_link_describedby_8283\" class=\"screen-reader-text\">\n\t\tEnnek a term\u00e9knek t\u00f6bb vari\u00e1ci\u00f3ja van. A v\u00e1ltozatok a term\u00e9koldalon v\u00e1laszthat\u00f3k ki\t<\/span>\n<\/li>\n<\/ul>\n<\/div>\t\t\t\t<\/div>\n\t\t\t\t<\/div>\n\t\t\t\t\t<\/div>\n\t\t\t\t<\/div>\n\t\t\t\t<\/div>\n\t\t","protected":false},"excerpt":{"rendered":"<p>Term\u00e9keink A Feelmore vend\u00e9gh\u00e1zak hangulat\u00e1t most hazaviheted.Webshopunkban olyan gondosan v\u00e1logatott t\u00e1rgyakat tal\u00e1lsz, amelyek kabinjainkban is megtal\u00e1lhat\u00f3k \u2013 \u00e9s amelyeket vend\u00e9geink m\u00e1r kipr\u00f3b\u00e1ltak egy pihen\u00e9s sor\u00e1n.Ha beleszerett\u00e9l valamibe a tart\u00f3zkod\u00e1sod alatt, itt megtal\u00e1lod.<\/p>\n","protected":false},"author":6,"featured_media":0,"parent":0,"menu_order":0,"comment_status":"closed","ping_status":"closed","template":"","meta":{"footnotes":""},"class_list":["post-7323","page","type-page","status-publish","hentry"],"_links":{"self":[{"href":"https:\/\/feelmore.hu\/webshop\/wp-json\/wp\/v2\/pages\/7323","targetHints":{"allow":["GET"]}}],"collection":[{"href":"https:\/\/feelmore.hu\/webshop\/wp-json\/wp\/v2\/pages"}],"about":[{"href":"https:\/\/feelmore.hu\/webshop\/wp-json\/wp\/v2\/types\/page"}],"author":[{"embeddable":true,"href":"https:\/\/feelmore.hu\/webshop\/wp-json\/wp\/v2\/users\/6"}],"replies":[{"embeddable":true,"href":"https:\/\/feelmore.hu\/webshop\/wp-json\/wp\/v2\/comments?post=7323"}],"version-history":[{"count":71,"href":"https:\/\/feelmore.hu\/webshop\/wp-json\/wp\/v2\/pages\/7323\/revisions"}],"predecessor-version":[{"id":8384,"href":"https:\/\/feelmore.hu\/webshop\/wp-json\/wp\/v2\/pages\/7323\/revisions\/8384"}],"wp:attachment":[{"href":"https:\/\/feelmore.hu\/webshop\/wp-json\/wp\/v2\/media?parent=7323"}],"curies":[{"name":"wp","href":"https:\/\/api.w.org\/{rel}","templated":true}]}}